{"id":2,"date":"2015-04-28T18:22:25","date_gmt":"2015-04-28T18:22:25","guid":{"rendered":"http:\/\/convexplasticos.com.br\/v2\/?page_id=2"},"modified":"2019-10-28T13:05:11","modified_gmt":"2019-10-28T16:05:11","slug":"pagina-exemplo","status":"publish","type":"page","link":"http:\/\/convexplasticos.com.br\/v2\/?page_id=2","title":{"rendered":"Empresa"},"content":{"rendered":"<div id=\"pl-2\"  class=\"panel-layout\" ><div id=\"pg-2-0\"  class=\"panel-grid panel-no-style\" ><div id=\"pgc-2-0-0\"  class=\"panel-grid-cell panel-grid-cell-mobile-last\" ><div id=\"panel-2-0-0-0\" class=\"so-panel widget widget_black-studio-tinymce widget_black_studio_tinymce panel-first-child panel-last-child\" data-index=\"0\" ><h3 class=\"widget-title\">Quem Somos:<\/h3><div class=\"textwidget\"><p style=\"text-align: justify;\">Somos uma empresa que atua na \u00e1rea de inje\u00e7\u00e3o de termopl\u00e1sticos e servi\u00e7os agregados com o intuito de oferecer um diferencial no que diz respeito a pe\u00e7as pl\u00e1sticas com alto n\u00edvel t\u00e9cnico de produ\u00e7\u00e3o e qualidade.<br \/>Nesses anos todos em que temos atuado, muitas empresas que apresentaram defici\u00eancia na produ\u00e7\u00e3o de pe\u00e7as em pl\u00e1stico encontraram em n\u00f3s solu\u00e7\u00f5es com qualidade, tecnologia de ponta, agilidade e custo\/benef\u00edcio.<br \/>Disponibilizamos injetoras com capacidade de inje\u00e7\u00e3o de 50 at\u00e9 170 toneladas e equipamentos que permitem injetar todo o tipo de material pl\u00e1stico.<\/p>\n<h4 class=\"title_page\">POL\u00cdTICA DE QUALIDADE<\/h4>\n<p style=\"text-align: justify;\">\u201cN\u00f3s da CONVEX temos como compromisso fornecer produtos e servi\u00e7os de inje\u00e7\u00e3o de termopl\u00e1sticos que atendam e satisfa\u00e7am aos requisitos e exig\u00eancias de\u00a0todas as partes interessadas.<\/p>\n<p style=\"text-align: justify;\">Para isso devemos:<\/p>\n<ul>\n<li style=\"text-align: justify;\">Melhorar continuamente os nossos processos e o nosso Sistema de Gest\u00e3o da Qualidade;<\/li>\n<li style=\"text-align: justify;\">Capacitar e desenvolver nossos colaboradores;<\/li>\n<li style=\"text-align: justify;\">Praticar sempre a Qualidade e compreender que ela \u00e9 responsabilidade de todos;<\/li>\n<li style=\"text-align: justify;\">Buscar sempre aumentar a satisfa\u00e7\u00e3o dos nossos clientes;<\/li>\n<li style=\"text-align: justify;\">Manter uma rela\u00e7\u00e3o de parceria\u00a0com os nossos fornecedores;<\/li>\n<li style=\"text-align: justify;\">Atingir os nossos objetivos e metas.<\/li>\n<\/ul>\n<h4 class=\"title_page\">COMPROMISSO<\/h4>\n<p>Baseado nos princ\u00edpios de valores e \u00e9tica da Convex Pl\u00e1sticos, temos o compromisso com o pr\u00f3ximo e com a sociedade, de n\u00e3o admitir quaisquer tipo de trabalho infantil, similaridade \u00e0 escravid\u00e3o e outras formas de explora\u00e7\u00e3o.<\/p>\n<\/div><\/div><\/div><div id=\"pgc-2-0-1\"  class=\"panel-grid-cell panel-grid-cell-empty\" ><\/div><\/div><\/div>","protected":false},"excerpt":{"rendered":"<p>Somos uma empresa que atua na \u00e1rea de inje\u00e7\u00e3o de termopl\u00e1sticos e servi\u00e7os agregados com o intuito de oferecer um diferencial no que diz respeito a pe\u00e7as pl\u00e1sticas com alto n\u00edvel t\u00e9cnico de produ\u00e7\u00e3o e qualidade.Nesses anos todos em que temos atuado, muitas empresas que apresentaram defici\u00eancia na produ\u00e7\u00e3o de pe\u00e7as em pl\u00e1stico encontraram em [&hellip;]<\/p>\n","protected":false},"author":1,"featured_media":27,"parent":0,"menu_order":0,"comment_status":"closed","ping_status":"closed","template":"","meta":[],"_links":{"self":[{"href":"http:\/\/convexplasticos.com.br\/v2\/index.php?rest_route=\/wp\/v2\/pages\/2"}],"collection":[{"href":"http:\/\/convexplasticos.com.br\/v2\/index.php?rest_route=\/wp\/v2\/pages"}],"about":[{"href":"http:\/\/convexplasticos.com.br\/v2\/index.php?rest_route=\/wp\/v2\/types\/page"}],"author":[{"embeddable":true,"href":"http:\/\/convexplasticos.com.br\/v2\/index.php?rest_route=\/wp\/v2\/users\/1"}],"replies":[{"embeddable":true,"href":"http:\/\/convexplasticos.com.br\/v2\/index.php?rest_route=%2Fwp%2Fv2%2Fcomments&post=2"}],"version-history":[{"count":38,"href":"http:\/\/convexplasticos.com.br\/v2\/index.php?rest_route=\/wp\/v2\/pages\/2\/revisions"}],"predecessor-version":[{"id":762,"href":"http:\/\/convexplasticos.com.br\/v2\/index.php?rest_route=\/wp\/v2\/pages\/2\/revisions\/762"}],"wp:featuredmedia":[{"embeddable":true,"href":"http:\/\/convexplasticos.com.br\/v2\/index.php?rest_route=\/wp\/v2\/media\/27"}],"wp:attachment":[{"href":"http:\/\/convexplasticos.com.br\/v2\/index.php?rest_route=%2Fwp%2Fv2%2Fmedia&parent=2"}],"curies":[{"name":"wp","href":"https:\/\/api.w.org\/{rel}","templated":true}]}}