{"id":47,"date":"2015-05-12T11:11:01","date_gmt":"2015-05-12T14:11:01","guid":{"rendered":"http:\/\/convexplasticos.com.br\/v2\/?page_id=47"},"modified":"2025-07-25T11:40:34","modified_gmt":"2025-07-25T14:40:34","slug":"contato","status":"publish","type":"page","link":"http:\/\/convexplasticos.com.br\/v2\/","title":{"rendered":"Contato"},"content":{"rendered":"<div id=\"pl-47\"  class=\"panel-layout\" ><div id=\"pg-47-0\"  class=\"panel-grid panel-no-style\" ><div id=\"pgc-47-0-0\"  class=\"panel-grid-cell\" ><div id=\"panel-47-0-0-0\" class=\"so-panel widget widget_black-studio-tinymce widget_black_studio_tinymce panel-first-child panel-last-child\" data-index=\"0\" ><div class=\"textwidget\"><h1>Se deseja entrar em contato conosco<\/h1>\n<h4>Sugest\u00f5es, reclama\u00e7\u00f5es ou den\u00fancias,<br \/>\nenvie\u00a0e-mail para <a href=\"mailto:contato@convexplasticos.com.br\" target=\"_blank\" rel=\"noopener\">contato@convexplasticos.com.br<\/a>,<br \/>\nou se preferir, preencha\u00a0o formul\u00e1rio abaixo:<\/h4>\n<form class=\"wpcf7-form\" action=\"\/v2\/wp-admin\/admin-ajax.php?action=so_panels_import_layout&amp;_panelsnonce=83056aafa1#wpcf7-f25-o1\" method=\"post\" name=\"\" novalidate=\"novalidate\"><input name=\"_wpcf7\" type=\"hidden\" value=\"25\" \/> <input name=\"_wpcf7_version\" type=\"hidden\" value=\"4.2\" \/> <input name=\"_wpcf7_locale\" type=\"hidden\" value=\"pt_BR\" \/> <input name=\"_wpcf7_unit_tag\" type=\"hidden\" value=\"wpcf7-f25-o1\" \/> <input name=\"_wpnonce\" type=\"hidden\" value=\"5feac53873\" \/><span class=\"wpcf7-form-control-wrap assunto\"><select class=\"wpcf7-form-control wpcf7-select wpcf7-validates-as-required\" name=\"assunto\"><option value=\"d\u00favidas\">d\u00favidas<\/option><option value=\"sugest\u00f5es\">sugest\u00f5es<\/option><option value=\"reclama\u00e7\u00f5es\">reclama\u00e7\u00f5es<\/option><option value=\"suporte\">suporte<\/option><option value=\"outros\">outros<\/option><\/select><\/span><\/p>\n<p>Seu nome (obrigat\u00f3rio)<br \/>\n<span class=\"wpcf7-form-control-wrap your-name\"><input class=\"wpcf7-form-control wpcf7-text wpcf7-validates-as-required\" name=\"your-name\" size=\"40\" type=\"text\" value=\"\" \/><br \/>\n<\/span><\/p>\n<p>Seu e-mail (obrigat\u00f3rio)<br \/>\n<span class=\"wpcf7-form-control-wrap your-email\"><input class=\"wpcf7-form-control wpcf7-text wpcf7-email wpcf7-validates-as-required wpcf7-validates-as-email\" name=\"your-email\" size=\"40\" type=\"email\" value=\"\" \/><\/span><\/p>\n<p>Seu telefone<br \/>\n<span class=\"wpcf7-form-control-wrap tel\"><input class=\"wpcf7-form-control wpcf7-text\" name=\"tel\" size=\"40\" type=\"text\" value=\"\" \/><\/span><\/p>\n<p>Sua mensagem<br \/>\n<span class=\"wpcf7-form-control-wrap your-message\"><textarea class=\"wpcf7-form-control wpcf7-textarea\" cols=\"40\" name=\"your-message\" rows=\"10\"><\/textarea><\/span><\/p>\n<p><input class=\"wpcf7-form-control wpcf7-submit\" type=\"submit\" value=\"Enviar\" \/><\/p>\n<\/form>\n<p style=\"text-align: center;\">\n<h4><a href=\"http:\/\/convexplasticos.com.br\/v2\/wp-content\/uploads\/2025\/07\/Convex-Plasticos-20anos-8.png\"><img class=\"size-medium wp-image-784 aligncenter\" src=\"http:\/\/convexplasticos.com.br\/v2\/wp-content\/uploads\/2025\/07\/Convex-Plasticos-20anos-8-300x76.png\" alt=\"\" width=\"300\" height=\"76\" \/><\/a><\/h4>\n<h4 style=\"text-align: center;\">Rua do Ver\u00e3o, 181<br \/>\nSerraria,\u00a0Diadema, SP, 09980-090<br \/>\nTel: +55 11 4044-7306<br \/>\n<a href=\"mailto:convex@terra.com.br\">contato@convexplasticos.com.br<\/a><\/h4>\n<\/div><\/div><\/div><\/div><\/div>","protected":false},"excerpt":{"rendered":"<p>Se deseja entrar em contato conosco Sugest\u00f5es, reclama\u00e7\u00f5es ou den\u00fancias, envie\u00a0e-mail para contato@convexplasticos.com.br, ou se preferir, preencha\u00a0o formul\u00e1rio abaixo: d\u00favidas sugest\u00f5es reclama\u00e7\u00f5es suporte outros Seu nome (obrigat\u00f3rio) Seu e-mail (obrigat\u00f3rio) Seu telefone Sua mensagem Rua do Ver\u00e3o, 181 Serraria,\u00a0Diadema, SP, 09980-090 Tel: +55 11 4044-7306 contato@convexplasticos.com.br<\/p>\n","protected":false},"author":1,"featured_media":0,"parent":0,"menu_order":0,"comment_status":"closed","ping_status":"closed","template":"","meta":[],"_links":{"self":[{"href":"http:\/\/convexplasticos.com.br\/v2\/index.php?rest_route=\/wp\/v2\/pages\/47"}],"collection":[{"href":"http:\/\/convexplasticos.com.br\/v2\/index.php?rest_route=\/wp\/v2\/pages"}],"about":[{"href":"http:\/\/convexplasticos.com.br\/v2\/index.php?rest_route=\/wp\/v2\/types\/page"}],"author":[{"embeddable":true,"href":"http:\/\/convexplasticos.com.br\/v2\/index.php?rest_route=\/wp\/v2\/users\/1"}],"replies":[{"embeddable":true,"href":"http:\/\/convexplasticos.com.br\/v2\/index.php?rest_route=%2Fwp%2Fv2%2Fcomments&post=47"}],"version-history":[{"count":34,"href":"http:\/\/convexplasticos.com.br\/v2\/index.php?rest_route=\/wp\/v2\/pages\/47\/revisions"}],"predecessor-version":[{"id":788,"href":"http:\/\/convexplasticos.com.br\/v2\/index.php?rest_route=\/wp\/v2\/pages\/47\/revisions\/788"}],"wp:attachment":[{"href":"http:\/\/convexplasticos.com.br\/v2\/index.php?rest_route=%2Fwp%2Fv2%2Fmedia&parent=47"}],"curies":[{"name":"wp","href":"https:\/\/api.w.org\/{rel}","templated":true}]}}